{"id":695,"date":"2023-12-08T14:11:45","date_gmt":"2023-12-08T14:11:45","guid":{"rendered":"https:\/\/erikfranssendesign.com\/?page_id=695"},"modified":"2024-04-08T16:55:31","modified_gmt":"2024-04-08T16:55:31","slug":"stedenbouw-over-the-hill-behind-the-gate","status":"publish","type":"page","link":"https:\/\/erikfranssendesign.com\/index.php\/nl\/stedenbouw-over-the-hill-behind-the-gate\/","title":{"rendered":"Over The Hill Behind The Gate"},"content":{"rendered":"<section class=\"wpb-content-wrapper\"><p>[vc_row][vc_column][vc_raw_html]JTNDaDQlMjBzdHlsZSUzRCUyMmNvbG9yJTNBJTIwJTIzMjQzOGJiJTIyJTNFT3ZlciUyMHRoZSUyMEhpbGwlMjBCZWhpbmQlMjB0aGUlMjBHYXRlJTNDJTJGaDQlM0U=[\/vc_raw_html][vc_column_text]Buiksloterham in Noord is \u00e9\u00e9n van de snelst ontwikkelende gebieden in Amsterdam. Zo is de bevolking bij de Papaverweg in de jaren tussen 2016 en 2018 bijna verdubbeld (bron allecijfers.nl). Formeel een industriegebied, wordt het tegenwoordig langzaam getransformeerd tot meer een woonwijk met een mix van woningen en kleinere bedrijven.<\/p>\n<p>De Ceuvel, een duurzame incubator die tijdelijk een bloeiende gemeenschap van creatieve en sociale ondernemingen herbergt is gebouwd op een perceel dat voorheen door een scheepswerf werd gebruikt in dit gebied. De omliggende woongebieden zijn typische 100 jaar oude tuindorpen en zo voelt de Papaverhoek als een klein idyllisch eiland in het Johan van Hasseltkanaal tussen de tuindorpen en het (voormalige) industriegebied.<\/p>\n<p>Ik hou van plaatsen als de Papaverhoek met zijn sfeervolle licht gecre\u00eberd door het omringende water en groen. Er is een opwindende hoeveelheid rommeligheid en georganiseerde chaos, prachtige oude gebouwen en garages, geweldige kleuren in gebruikte materialen zoals tegels en golfplaten en een algemeen gevoel van vrijheid. Om elke hoek wordt je opnieuw verrast! Het doet me denken aan een gebied als de Havenstraat met zijn rijke contrasten die ik zo leuk vind in een stedelijke omgeving (zie <a href=\"https:\/\/erikfranssendesign.com\/index.php\/nl\/about\/\">About<\/a>).<\/p>\n<p>Zou het mogelijk zijn om deze unieke kwaliteiten te behouden en tegelijkertijd een nieuwe woonwijk te cre\u00ebren? Een interessant feit is dat er nog wat explosieven van WW2 in de nabije omgeving liggen. Ik stelde me voor dat er \u00e9\u00e9n zou afgaan, wat zou er dan gebeuren? Sommige gebouwen zouden instorten, andere objecten zouden verschuiven en enkele zouden stevig blijven staan. Nieuwe kansen zouden zich voordoen!<\/p>\n<p>Als de mix goed is, van oud en nieuw, werk en vrije tijd, activiteit en stilte, bewoners en bezoekers, zou dit een prachtige plek kunnen worden voor vele generaties stadsbewoners die nog gaan komen. Met dit idee in gedachten heb ik de geschiedenis, kwaliteiten, huidige obstakels en kansen onderzocht in deze casestudy, wat resulteerde in mijn visie en stedenbouwkundig ontwerp voor het &#8220;Ceuvel-gebied&#8221;.[\/vc_column_text][vc_empty_space height=&#8221;12px&#8221;]<div class=\"grve-element grve-gallery grve-isotope grve-gallery-popup grve-with-gap\" style=\"\" data-columns=\"2\" data-columns-tablet-landscape=\"2\" data-columns-tablet-portrait=\"2\" data-columns-mobile=\"1\" data-layout=\"fitRows\" data-gutter-size=\"15\">  <div class=\"grve-isotope-container\"><div class=\"grve-isotope-item grve-gallery-item \">  <a href=\"https:\/\/erikfranssendesign.com\/wp-content\/uploads\/2024\/04\/Urban_design_case_study_De_Ceuvel_01.jpg\"><div class=\"grve-isotope-item-inner grve-zoomIn\">    <figure class=\"grve-hover-style-1 grve-image-hover grve-zoom-none\">      <div class=\"grve-media\">        <div class=\"grve-hover-overlay grve-bg-light grve-opacity-50\"><\/div><img loading=\"lazy\" decoding=\"async\" width=\"1024\" height=\"724\" src=\"https:\/\/erikfranssendesign.com\/wp-content\/uploads\/2024\/04\/Urban_design_case_study_De_Ceuvel_01-1024x724.jpg\" class=\"attachment-large size-large\" alt=\"Urban design case study Amsterdam Noord fascinations and analysis infrastructure green water\" srcset=\"https:\/\/erikfranssendesign.com\/wp-content\/uploads\/2024\/04\/Urban_design_case_study_De_Ceuvel_01-1024x724.jpg 1024w, https:\/\/erikfranssendesign.com\/wp-content\/uploads\/2024\/04\/Urban_design_case_study_De_Ceuvel_01-300x212.jpg 300w, https:\/\/erikfranssendesign.com\/wp-content\/uploads\/2024\/04\/Urban_design_case_study_De_Ceuvel_01-768x543.jpg 768w, https:\/\/erikfranssendesign.com\/wp-content\/uploads\/2024\/04\/Urban_design_case_study_De_Ceuvel_01-1536x1086.jpg 1536w, https:\/\/erikfranssendesign.com\/wp-content\/uploads\/2024\/04\/Urban_design_case_study_De_Ceuvel_01-600x424.jpg 600w, https:\/\/erikfranssendesign.com\/wp-content\/uploads\/2024\/04\/Urban_design_case_study_De_Ceuvel_01.jpg 1920w\" sizes=\"auto, (max-width: 1024px) 100vw, 1024px\" \/>      <\/div>      <figcaption>        <div class=\"grve-gallery-content\">        <\/div>      <\/figcaption>    <\/figure><\/div>  <\/a><\/div><div class=\"grve-isotope-item grve-gallery-item \">  <a href=\"https:\/\/erikfranssendesign.com\/wp-content\/uploads\/2024\/04\/Urban_design_case_study_De_Ceuvel_02.jpg\"><div class=\"grve-isotope-item-inner grve-zoomIn\">    <figure class=\"grve-hover-style-1 grve-image-hover grve-zoom-none\">      <div class=\"grve-media\">        <div class=\"grve-hover-overlay grve-bg-light grve-opacity-50\"><\/div><img loading=\"lazy\" decoding=\"async\" width=\"1024\" height=\"724\" src=\"https:\/\/erikfranssendesign.com\/wp-content\/uploads\/2024\/04\/Urban_design_case_study_De_Ceuvel_02-1024x724.jpg\" class=\"attachment-large size-large\" alt=\"Stedenbouw ontwerp case study gebied rond De Ceuvel Amsterdam Noord analyse en concept\" srcset=\"https:\/\/erikfranssendesign.com\/wp-content\/uploads\/2024\/04\/Urban_design_case_study_De_Ceuvel_02-1024x724.jpg 1024w, https:\/\/erikfranssendesign.com\/wp-content\/uploads\/2024\/04\/Urban_design_case_study_De_Ceuvel_02-300x212.jpg 300w, https:\/\/erikfranssendesign.com\/wp-content\/uploads\/2024\/04\/Urban_design_case_study_De_Ceuvel_02-768x543.jpg 768w, https:\/\/erikfranssendesign.com\/wp-content\/uploads\/2024\/04\/Urban_design_case_study_De_Ceuvel_02-1536x1086.jpg 1536w, https:\/\/erikfranssendesign.com\/wp-content\/uploads\/2024\/04\/Urban_design_case_study_De_Ceuvel_02-600x424.jpg 600w, https:\/\/erikfranssendesign.com\/wp-content\/uploads\/2024\/04\/Urban_design_case_study_De_Ceuvel_02.jpg 1920w\" sizes=\"auto, (max-width: 1024px) 100vw, 1024px\" \/>      <\/div>      <figcaption>        <div class=\"grve-gallery-content\">        <\/div>      <\/figcaption>    <\/figure><\/div>  <\/a><\/div><div class=\"grve-isotope-item grve-gallery-item \">  <a href=\"https:\/\/erikfranssendesign.com\/wp-content\/uploads\/2024\/04\/Urban_design_case_study_De_Ceuvel_03.jpg\"><div class=\"grve-isotope-item-inner grve-zoomIn\">    <figure class=\"grve-hover-style-1 grve-image-hover grve-zoom-none\">      <div class=\"grve-media\">        <div class=\"grve-hover-overlay grve-bg-light grve-opacity-50\"><\/div><img loading=\"lazy\" decoding=\"async\" width=\"1024\" height=\"724\" src=\"https:\/\/erikfranssendesign.com\/wp-content\/uploads\/2024\/04\/Urban_design_case_study_De_Ceuvel_03-1024x724.jpg\" class=\"attachment-large size-large\" alt=\"Stedenbouw case study masterplan en schetsen Amsterdam Noord\" srcset=\"https:\/\/erikfranssendesign.com\/wp-content\/uploads\/2024\/04\/Urban_design_case_study_De_Ceuvel_03-1024x724.jpg 1024w, https:\/\/erikfranssendesign.com\/wp-content\/uploads\/2024\/04\/Urban_design_case_study_De_Ceuvel_03-300x212.jpg 300w, https:\/\/erikfranssendesign.com\/wp-content\/uploads\/2024\/04\/Urban_design_case_study_De_Ceuvel_03-768x543.jpg 768w, https:\/\/erikfranssendesign.com\/wp-content\/uploads\/2024\/04\/Urban_design_case_study_De_Ceuvel_03-1536x1086.jpg 1536w, https:\/\/erikfranssendesign.com\/wp-content\/uploads\/2024\/04\/Urban_design_case_study_De_Ceuvel_03-600x424.jpg 600w, https:\/\/erikfranssendesign.com\/wp-content\/uploads\/2024\/04\/Urban_design_case_study_De_Ceuvel_03.jpg 1920w\" sizes=\"auto, (max-width: 1024px) 100vw, 1024px\" \/>      <\/div>      <figcaption>        <div class=\"grve-gallery-content\">        <\/div>      <\/figcaption>    <\/figure><\/div>  <\/a><\/div><div class=\"grve-isotope-item grve-gallery-item \">  <a href=\"https:\/\/erikfranssendesign.com\/wp-content\/uploads\/2024\/04\/Urban_design_case_study_De_Ceuvel_04.jpg\"><div class=\"grve-isotope-item-inner grve-zoomIn\">    <figure class=\"grve-hover-style-1 grve-image-hover grve-zoom-none\">      <div class=\"grve-media\">        <div class=\"grve-hover-overlay grve-bg-light grve-opacity-50\"><\/div><img loading=\"lazy\" decoding=\"async\" width=\"1024\" height=\"724\" src=\"https:\/\/erikfranssendesign.com\/wp-content\/uploads\/2024\/04\/Urban_design_case_study_De_Ceuvel_04-1024x724.jpg\" class=\"attachment-large size-large\" alt=\"Case study Urbanism Amsterdam Noord programm functions typology buildings\" srcset=\"https:\/\/erikfranssendesign.com\/wp-content\/uploads\/2024\/04\/Urban_design_case_study_De_Ceuvel_04-1024x724.jpg 1024w, https:\/\/erikfranssendesign.com\/wp-content\/uploads\/2024\/04\/Urban_design_case_study_De_Ceuvel_04-300x212.jpg 300w, https:\/\/erikfranssendesign.com\/wp-content\/uploads\/2024\/04\/Urban_design_case_study_De_Ceuvel_04-768x543.jpg 768w, https:\/\/erikfranssendesign.com\/wp-content\/uploads\/2024\/04\/Urban_design_case_study_De_Ceuvel_04-1536x1086.jpg 1536w, https:\/\/erikfranssendesign.com\/wp-content\/uploads\/2024\/04\/Urban_design_case_study_De_Ceuvel_04-600x424.jpg 600w, https:\/\/erikfranssendesign.com\/wp-content\/uploads\/2024\/04\/Urban_design_case_study_De_Ceuvel_04.jpg 1920w\" sizes=\"auto, (max-width: 1024px) 100vw, 1024px\" \/>      <\/div>      <figcaption>        <div class=\"grve-gallery-content\">        <\/div>      <\/figcaption>    <\/figure><\/div>  <\/a><\/div><div class=\"grve-isotope-item grve-gallery-item \">  <a href=\"https:\/\/erikfranssendesign.com\/wp-content\/uploads\/2024\/04\/Urban_design_case_study_De_Ceuvel_05.jpg\"><div class=\"grve-isotope-item-inner grve-zoomIn\">    <figure class=\"grve-hover-style-1 grve-image-hover grve-zoom-none\">      <div class=\"grve-media\">        <div class=\"grve-hover-overlay grve-bg-light grve-opacity-50\"><\/div><img loading=\"lazy\" decoding=\"async\" width=\"1024\" height=\"724\" src=\"https:\/\/erikfranssendesign.com\/wp-content\/uploads\/2024\/04\/Urban_design_case_study_De_Ceuvel_05-1024x724.jpg\" class=\"attachment-large size-large\" alt=\"Stedelijk ontwerp case study Amsterdam mood schetsen dwarsdoorsnede\" srcset=\"https:\/\/erikfranssendesign.com\/wp-content\/uploads\/2024\/04\/Urban_design_case_study_De_Ceuvel_05-1024x724.jpg 1024w, https:\/\/erikfranssendesign.com\/wp-content\/uploads\/2024\/04\/Urban_design_case_study_De_Ceuvel_05-300x212.jpg 300w, https:\/\/erikfranssendesign.com\/wp-content\/uploads\/2024\/04\/Urban_design_case_study_De_Ceuvel_05-768x543.jpg 768w, https:\/\/erikfranssendesign.com\/wp-content\/uploads\/2024\/04\/Urban_design_case_study_De_Ceuvel_05-1536x1086.jpg 1536w, https:\/\/erikfranssendesign.com\/wp-content\/uploads\/2024\/04\/Urban_design_case_study_De_Ceuvel_05-600x424.jpg 600w, https:\/\/erikfranssendesign.com\/wp-content\/uploads\/2024\/04\/Urban_design_case_study_De_Ceuvel_05.jpg 1920w\" sizes=\"auto, (max-width: 1024px) 100vw, 1024px\" \/>      <\/div>      <figcaption>        <div class=\"grve-gallery-content\">        <\/div>      <\/figcaption>    <\/figure><\/div>  <\/a><\/div>  <\/div><\/div>[\/vc_column][\/vc_row]<\/p>\n<\/section>","protected":false},"excerpt":{"rendered":"<p>[vc_row][vc_column][vc_raw_html]JTNDaDQlMjBzdHlsZSUzRCUyMmNvbG9yJTNBJTIwJTIzMjQzOGJiJTIyJTNFT3ZlciUyMHRoZSUyMEhpbGwlMjBCZWhpbmQlMjB0aGUlMjBHYXRlJTNDJTJGaDQlM0U=[\/vc_raw_html][vc_column_text]Buiksloterham in Noord is \u00e9\u00e9n van de snelst ontwikkelende gebieden in Amsterdam. Zo is de bevolking bij de Papaverweg in de jaren tussen 2016 en 2018 bijna verdubbeld (bron allecijfers.nl). Formeel een industriegebied, wordt het tegenwoordig langzaam getransformeerd tot meer een woonwijk met een mix van woningen en kleinere bedrijven. De Ceuvel, een duurzame incubator [&hellip;]<\/p>\n","protected":false},"author":1,"featured_media":389,"parent":0,"menu_order":0,"comment_status":"closed","ping_status":"closed","template":"","meta":{"footnotes":""},"class_list":["post-695","page","type-page","status-publish","has-post-thumbnail","hentry"],"_links":{"self":[{"href":"https:\/\/erikfranssendesign.com\/index.php\/wp-json\/wp\/v2\/pages\/695","targetHints":{"allow":["GET"]}}],"collection":[{"href":"https:\/\/erikfranssendesign.com\/index.php\/wp-json\/wp\/v2\/pages"}],"about":[{"href":"https:\/\/erikfranssendesign.com\/index.php\/wp-json\/wp\/v2\/types\/page"}],"author":[{"embeddable":true,"href":"https:\/\/erikfranssendesign.com\/index.php\/wp-json\/wp\/v2\/users\/1"}],"replies":[{"embeddable":true,"href":"https:\/\/erikfranssendesign.com\/index.php\/wp-json\/wp\/v2\/comments?post=695"}],"version-history":[{"count":9,"href":"https:\/\/erikfranssendesign.com\/index.php\/wp-json\/wp\/v2\/pages\/695\/revisions"}],"predecessor-version":[{"id":1022,"href":"https:\/\/erikfranssendesign.com\/index.php\/wp-json\/wp\/v2\/pages\/695\/revisions\/1022"}],"wp:featuredmedia":[{"embeddable":true,"href":"https:\/\/erikfranssendesign.com\/index.php\/wp-json\/wp\/v2\/media\/389"}],"wp:attachment":[{"href":"https:\/\/erikfranssendesign.com\/index.php\/wp-json\/wp\/v2\/media?parent=695"}],"curies":[{"name":"wp","href":"https:\/\/api.w.org\/{rel}","templated":true}]}}