{"id":647,"date":"2023-12-07T18:34:50","date_gmt":"2023-12-07T18:34:50","guid":{"rendered":"https:\/\/erikfranssendesign.com\/?page_id=647"},"modified":"2025-11-16T10:31:13","modified_gmt":"2025-11-16T10:31:13","slug":"info","status":"publish","type":"page","link":"https:\/\/erikfranssendesign.com\/index.php\/nl\/info\/","title":{"rendered":"About"},"content":{"rendered":"<section class=\"wpb-content-wrapper\"><p>[vc_row][vc_column][vc_raw_html]JTNDaDQlMjBzdHlsZSUzRCUyMmNvbG9yJTNBJTIwJTIzMjQzOGJiJTIyJTNFQWJvdXQlM0MlMkZoNCUzRQ==[\/vc_raw_html][vc_column_text]<em>Opgeleid als kunstenaar\/fotograaf aan de Koninklijke Academie voor Beeldende Kunsten (KABK) in Den Haag, heb ik vele jaren als fotograaf gewerkt voor zowel redactionele als commerci\u00eble klanten. Na verloop van tijd en <\/em><em>vooral na mijn 2,5 jaar lange verblijf in Berlijn, waar ik werkte aan een <\/em><em>project over de schijnbare onzichtbaarheid van de Berlijnse Muur, <\/em><em>ging ik mij steeds meer focussen op mijn autonome fotografie, waarbij ik mijn werk in opdracht langzaam achter me liet. Dit cre\u00eberde ruimte voor een nieuwe obsessie, planten! Uitbreidend van kamerplanten (whoops, geen ruimte meer binnen) naar tuinplanten (wacht, ik heb een balkon) en bomen, <\/em><em>raakte ik ge\u00efnteresseerd in tuin- en landschapsontwerp. Met het afronden van mijn opleiding landschapsarchitectuur en stedenbouw aan <\/em><em>de Academie van Bouwkunst in Amsterdam voelde ik dat mijn liefde <\/em><em>voor kunst, design en natuur samenkwamen. Sindsdien heb ik tuinen <\/em><em>ontworpen voor particuliere opdrachtgevers en <\/em><em>stedenbouwkundig en landschapsontwerp voor de gemeente <\/em><em>Amsterdam.<\/em><\/p>\n<p><em>Hieronder (zie tekst en afbeeldingen) vindt u meer info over mij.<\/em>[\/vc_column_text]<div class=\"grve-element grve-image grve-align-left\" style=\"margin-bottom: 35px;\"><img loading=\"lazy\" decoding=\"async\" width=\"212\" height=\"300\" src=\"https:\/\/erikfranssendesign.com\/wp-content\/uploads\/2025\/11\/MG_3128L_site_Final_web-1-212x300.jpg\" class=\"attachment-medium size-medium\" alt=\"portret Erik Franssen landschap en tuinontwerp Amsterdam\" srcset=\"https:\/\/erikfranssendesign.com\/wp-content\/uploads\/2025\/11\/MG_3128L_site_Final_web-1-212x300.jpg 212w, https:\/\/erikfranssendesign.com\/wp-content\/uploads\/2025\/11\/MG_3128L_site_Final_web-1-725x1024.jpg 725w, https:\/\/erikfranssendesign.com\/wp-content\/uploads\/2025\/11\/MG_3128L_site_Final_web-1-768x1085.jpg 768w, https:\/\/erikfranssendesign.com\/wp-content\/uploads\/2025\/11\/MG_3128L_site_Final_web-1-600x848.jpg 600w, https:\/\/erikfranssendesign.com\/wp-content\/uploads\/2025\/11\/MG_3128L_site_Final_web-1.jpg 836w\" sizes=\"auto, (max-width: 212px) 100vw, 212px\" \/><\/div>[vc_column_text](een selectie van)<br \/>\nmijn favoriete plekken in mijn woonplaats<\/p>\n<p>Ik kan me nog mijn opwinding als nieuwsgierige veertienjarige tiener herinneren toen ik voor het eerst met de trein naar Amsterdam reisde. Mijn hart begon te bonzen toen we dichter bij het centraal station kwamen en we konden niet wachten om uit de trein te stappen. We waren een beetje na\u00efef, we namen de eerste trein vanuit Heerlen, alle winkels waren nog gesloten en we werden begroet door drugsdealers op het Damrak, maar we vonden het geweldig! Al onze overige drie dagen op de Tienertoer-pas werden besteed aan uitstapjes naar de grote stad. Amsterdam had toen nog veel meer rafelrandjes en ik ben zo dankbaar dat mijn vriendin haar haren wilde laten verven in het woonwagenkamp op KNSM Eiland, waar de stadsnomaden toen nog leefden. We brachten onze middag door met een jong alternatief Engels stel dat in een oude touringbus woonde. Het voelde zo vrij en er ging een hele nieuwe wereld van mogelijkheden voor mij open. Het is moeilijk voor te stellen als je het gebied vandaag bezoekt.<\/p>\n<p>Amsterdam heeft sindsdien veel van zijn romantische charme verloren. Bijna al die veilige creatieve havens zijn buiten de stadsring verdwenen, veel woonwijken zijn erbij gebouwd en Amsterdam is krapper geworden dan ooit tevoren. Het lijkt erop dat de meeste buurten tegenwoordig georganiseerd zijn rond \u00e9\u00e9n of twee functies, \u00e9\u00e9n voornamelijk voor huisvesting, \u00e9\u00e9n voor entertainment, voor winkelen, werken of toerisme. De mix lijkt verloren te zijn gegaan. Toen ik aan mijn favoriete plekken dacht, realiseerde ik me dat ik de voorkeur geef aan een meer dynamische omgeving waar je deze inspirerende contrasten bij elkaar kunt vinden binnen \u00e9\u00e9n gebied, waar oud en nieuw, goedkoop en duur, jong en oud, zwart en wit, ontspanning en werk samenkomen, zoals bij een benzinestation of ziekenhuis.<\/p>\n<p>Ik hou van die levendigheid van de stad, maar hoe drukker het wordt, hoe vaker ik op zoek ben naar open plekken waar ik kan ademen en een tijdje alleen kan zijn. Plaatsen waar ik kan ontsnappen aan de rommeligheid en vele sensaties van de stad waar ik zo van hou. Ik denk dat het leven in de stad ingewikkeld is en dat wij beide nodig hebben in ons leven, inspirerende en opbeurende plekken om te wonen evenals vredige en groene gebieden om naar te ontsnappen. Het zou geweldig zijn als dit in de nabije omgeving van je huis zou kunnen worden bereikt en daardoor voor iedereen toegankelijk zou zijn.<\/p>\n<p>In de onderstaande galerij vindt u een selectie van plekken die kwaliteiten vertegenwoordigen die ik leuk vind. Ik kijk ernaar uit om er ook in de toekomst goede herinneringen aan over te kunnen houden.[\/vc_column_text][vc_empty_space height=&#8221;12px&#8221;]<div class=\"grve-element grve-gallery grve-isotope grve-gallery-popup grve-with-gap\" style=\"\" data-columns=\"3\" data-columns-tablet-landscape=\"2\" data-columns-tablet-portrait=\"2\" data-columns-mobile=\"1\" data-layout=\"fitRows\" data-gutter-size=\"15\">  <div class=\"grve-isotope-container\"><div class=\"grve-isotope-item grve-gallery-item \">  <a href=\"https:\/\/erikfranssendesign.com\/wp-content\/uploads\/2024\/04\/About_Erik_Franssen_Amsterdam_Beginpagina.jpg\"><div class=\"grve-isotope-item-inner grve-zoomIn\">    <figure class=\"grve-hover-style-1 grve-image-hover grve-zoom-none\">      <div class=\"grve-media\">        <div class=\"grve-hover-overlay grve-bg-light grve-opacity-10\"><\/div><img loading=\"lazy\" decoding=\"async\" width=\"1024\" height=\"724\" src=\"https:\/\/erikfranssendesign.com\/wp-content\/uploads\/2024\/04\/About_Erik_Franssen_Amsterdam_Beginpagina-1024x724.jpg\" class=\"attachment-large size-large\" alt=\"Favourite places Amsterdam by Erik Franssen Landscape Garden and Urban designer\" srcset=\"https:\/\/erikfranssendesign.com\/wp-content\/uploads\/2024\/04\/About_Erik_Franssen_Amsterdam_Beginpagina-1024x724.jpg 1024w, https:\/\/erikfranssendesign.com\/wp-content\/uploads\/2024\/04\/About_Erik_Franssen_Amsterdam_Beginpagina-300x212.jpg 300w, https:\/\/erikfranssendesign.com\/wp-content\/uploads\/2024\/04\/About_Erik_Franssen_Amsterdam_Beginpagina-768x543.jpg 768w, https:\/\/erikfranssendesign.com\/wp-content\/uploads\/2024\/04\/About_Erik_Franssen_Amsterdam_Beginpagina-1536x1086.jpg 1536w, https:\/\/erikfranssendesign.com\/wp-content\/uploads\/2024\/04\/About_Erik_Franssen_Amsterdam_Beginpagina-600x424.jpg 600w, https:\/\/erikfranssendesign.com\/wp-content\/uploads\/2024\/04\/About_Erik_Franssen_Amsterdam_Beginpagina.jpg 1920w\" sizes=\"auto, (max-width: 1024px) 100vw, 1024px\" \/>      <\/div>      <figcaption>        <div class=\"grve-gallery-content\">        <\/div>      <\/figcaption>    <\/figure><\/div>  <\/a><\/div><div class=\"grve-isotope-item grve-gallery-item \">  <a href=\"https:\/\/erikfranssendesign.com\/wp-content\/uploads\/2024\/04\/About_Erik_Franssen_Havenstraat_01.jpg\"><div class=\"grve-isotope-item-inner grve-zoomIn\">    <figure class=\"grve-hover-style-1 grve-image-hover grve-zoom-none\">      <div class=\"grve-media\">        <div class=\"grve-hover-overlay grve-bg-light grve-opacity-10\"><\/div><img loading=\"lazy\" decoding=\"async\" width=\"1024\" height=\"724\" src=\"https:\/\/erikfranssendesign.com\/wp-content\/uploads\/2024\/04\/About_Erik_Franssen_Havenstraat_01-1024x724.jpg\" class=\"attachment-large size-large\" alt=\"fascinatie Erik Franssen landschap en tuinontwerper Amsterdam Havenstraat stedenbouw\" srcset=\"https:\/\/erikfranssendesign.com\/wp-content\/uploads\/2024\/04\/About_Erik_Franssen_Havenstraat_01-1024x724.jpg 1024w, https:\/\/erikfranssendesign.com\/wp-content\/uploads\/2024\/04\/About_Erik_Franssen_Havenstraat_01-300x212.jpg 300w, https:\/\/erikfranssendesign.com\/wp-content\/uploads\/2024\/04\/About_Erik_Franssen_Havenstraat_01-768x543.jpg 768w, https:\/\/erikfranssendesign.com\/wp-content\/uploads\/2024\/04\/About_Erik_Franssen_Havenstraat_01-1536x1086.jpg 1536w, https:\/\/erikfranssendesign.com\/wp-content\/uploads\/2024\/04\/About_Erik_Franssen_Havenstraat_01-600x424.jpg 600w, https:\/\/erikfranssendesign.com\/wp-content\/uploads\/2024\/04\/About_Erik_Franssen_Havenstraat_01.jpg 1920w\" sizes=\"auto, (max-width: 1024px) 100vw, 1024px\" \/>      <\/div>      <figcaption>        <div class=\"grve-gallery-content\">        <\/div>      <\/figcaption>    <\/figure><\/div>  <\/a><\/div><div class=\"grve-isotope-item grve-gallery-item \">  <a href=\"https:\/\/erikfranssendesign.com\/wp-content\/uploads\/2024\/04\/About_Erik_Franssen_Havenstraat_02.jpg\"><div class=\"grve-isotope-item-inner grve-zoomIn\">    <figure class=\"grve-hover-style-1 grve-image-hover grve-zoom-none\">      <div class=\"grve-media\">        <div class=\"grve-hover-overlay grve-bg-light grve-opacity-10\"><\/div><img loading=\"lazy\" decoding=\"async\" width=\"1024\" height=\"724\" src=\"https:\/\/erikfranssendesign.com\/wp-content\/uploads\/2024\/04\/About_Erik_Franssen_Havenstraat_02-1024x724.jpg\" class=\"attachment-large size-large\" alt=\"Havenstraat Amsterdam qualities by Erik Franssen Landscape, garden and urban designer\" srcset=\"https:\/\/erikfranssendesign.com\/wp-content\/uploads\/2024\/04\/About_Erik_Franssen_Havenstraat_02-1024x724.jpg 1024w, https:\/\/erikfranssendesign.com\/wp-content\/uploads\/2024\/04\/About_Erik_Franssen_Havenstraat_02-300x212.jpg 300w, https:\/\/erikfranssendesign.com\/wp-content\/uploads\/2024\/04\/About_Erik_Franssen_Havenstraat_02-768x543.jpg 768w, https:\/\/erikfranssendesign.com\/wp-content\/uploads\/2024\/04\/About_Erik_Franssen_Havenstraat_02-1536x1086.jpg 1536w, https:\/\/erikfranssendesign.com\/wp-content\/uploads\/2024\/04\/About_Erik_Franssen_Havenstraat_02-600x424.jpg 600w, https:\/\/erikfranssendesign.com\/wp-content\/uploads\/2024\/04\/About_Erik_Franssen_Havenstraat_02.jpg 1920w\" sizes=\"auto, (max-width: 1024px) 100vw, 1024px\" \/>      <\/div>      <figcaption>        <div class=\"grve-gallery-content\">        <\/div>      <\/figcaption>    <\/figure><\/div>  <\/a><\/div><div class=\"grve-isotope-item grve-gallery-item \">  <a href=\"https:\/\/erikfranssendesign.com\/wp-content\/uploads\/2024\/04\/About_Erik_Franssen_Eye_01.jpg\"><div class=\"grve-isotope-item-inner grve-zoomIn\">    <figure class=\"grve-hover-style-1 grve-image-hover grve-zoom-none\">      <div class=\"grve-media\">        <div class=\"grve-hover-overlay grve-bg-light grve-opacity-10\"><\/div><img loading=\"lazy\" decoding=\"async\" width=\"1024\" height=\"724\" src=\"https:\/\/erikfranssendesign.com\/wp-content\/uploads\/2024\/04\/About_Erik_Franssen_Eye_01-1024x724.jpg\" class=\"attachment-large size-large\" alt=\"Eye filmmuseum favoriete plek in Amsterdam door Erik Franssen landschap en tuinontwerper\" srcset=\"https:\/\/erikfranssendesign.com\/wp-content\/uploads\/2024\/04\/About_Erik_Franssen_Eye_01-1024x724.jpg 1024w, https:\/\/erikfranssendesign.com\/wp-content\/uploads\/2024\/04\/About_Erik_Franssen_Eye_01-300x212.jpg 300w, https:\/\/erikfranssendesign.com\/wp-content\/uploads\/2024\/04\/About_Erik_Franssen_Eye_01-768x543.jpg 768w, https:\/\/erikfranssendesign.com\/wp-content\/uploads\/2024\/04\/About_Erik_Franssen_Eye_01-1536x1086.jpg 1536w, https:\/\/erikfranssendesign.com\/wp-content\/uploads\/2024\/04\/About_Erik_Franssen_Eye_01-600x424.jpg 600w, https:\/\/erikfranssendesign.com\/wp-content\/uploads\/2024\/04\/About_Erik_Franssen_Eye_01.jpg 1920w\" sizes=\"auto, (max-width: 1024px) 100vw, 1024px\" \/>      <\/div>      <figcaption>        <div class=\"grve-gallery-content\">        <\/div>      <\/figcaption>    <\/figure><\/div>  <\/a><\/div><div class=\"grve-isotope-item grve-gallery-item \">  <a href=\"https:\/\/erikfranssendesign.com\/wp-content\/uploads\/2024\/04\/About_Erik_Franssen_Eye_02.jpg\"><div class=\"grve-isotope-item-inner grve-zoomIn\">    <figure class=\"grve-hover-style-1 grve-image-hover grve-zoom-none\">      <div class=\"grve-media\">        <div class=\"grve-hover-overlay grve-bg-light grve-opacity-10\"><\/div><img loading=\"lazy\" decoding=\"async\" width=\"1024\" height=\"724\" src=\"https:\/\/erikfranssendesign.com\/wp-content\/uploads\/2024\/04\/About_Erik_Franssen_Eye_02-1024x724.jpg\" class=\"attachment-large size-large\" alt=\"kwaliteiten Eye oeverpark favoriete plek in Amsterdam door Erik Franssen landschap en tuinontwerper\" srcset=\"https:\/\/erikfranssendesign.com\/wp-content\/uploads\/2024\/04\/About_Erik_Franssen_Eye_02-1024x724.jpg 1024w, https:\/\/erikfranssendesign.com\/wp-content\/uploads\/2024\/04\/About_Erik_Franssen_Eye_02-300x212.jpg 300w, https:\/\/erikfranssendesign.com\/wp-content\/uploads\/2024\/04\/About_Erik_Franssen_Eye_02-768x543.jpg 768w, https:\/\/erikfranssendesign.com\/wp-content\/uploads\/2024\/04\/About_Erik_Franssen_Eye_02-1536x1086.jpg 1536w, https:\/\/erikfranssendesign.com\/wp-content\/uploads\/2024\/04\/About_Erik_Franssen_Eye_02-600x424.jpg 600w, https:\/\/erikfranssendesign.com\/wp-content\/uploads\/2024\/04\/About_Erik_Franssen_Eye_02.jpg 1920w\" sizes=\"auto, (max-width: 1024px) 100vw, 1024px\" \/>      <\/div>      <figcaption>        <div class=\"grve-gallery-content\">        <\/div>      <\/figcaption>    <\/figure><\/div>  <\/a><\/div><div class=\"grve-isotope-item grve-gallery-item \">  <a href=\"https:\/\/erikfranssendesign.com\/wp-content\/uploads\/2024\/04\/About_Erik_Franssen_De_Nieuwe_Ooster_01.jpg\"><div class=\"grve-isotope-item-inner grve-zoomIn\">    <figure class=\"grve-hover-style-1 grve-image-hover grve-zoom-none\">      <div class=\"grve-media\">        <div class=\"grve-hover-overlay grve-bg-light grve-opacity-10\"><\/div><img loading=\"lazy\" decoding=\"async\" width=\"1024\" height=\"724\" src=\"https:\/\/erikfranssendesign.com\/wp-content\/uploads\/2024\/04\/About_Erik_Franssen_De_Nieuwe_Ooster_01-1024x724.jpg\" class=\"attachment-large size-large\" alt=\"Arboretum Nieuwe Ooster begraafplaats Amsterdam door Erik Franssen landschap tuin en stedelijk ontwerp\" srcset=\"https:\/\/erikfranssendesign.com\/wp-content\/uploads\/2024\/04\/About_Erik_Franssen_De_Nieuwe_Ooster_01-1024x724.jpg 1024w, https:\/\/erikfranssendesign.com\/wp-content\/uploads\/2024\/04\/About_Erik_Franssen_De_Nieuwe_Ooster_01-300x212.jpg 300w, https:\/\/erikfranssendesign.com\/wp-content\/uploads\/2024\/04\/About_Erik_Franssen_De_Nieuwe_Ooster_01-768x543.jpg 768w, https:\/\/erikfranssendesign.com\/wp-content\/uploads\/2024\/04\/About_Erik_Franssen_De_Nieuwe_Ooster_01-1536x1086.jpg 1536w, https:\/\/erikfranssendesign.com\/wp-content\/uploads\/2024\/04\/About_Erik_Franssen_De_Nieuwe_Ooster_01-600x424.jpg 600w, https:\/\/erikfranssendesign.com\/wp-content\/uploads\/2024\/04\/About_Erik_Franssen_De_Nieuwe_Ooster_01.jpg 1920w\" sizes=\"auto, (max-width: 1024px) 100vw, 1024px\" \/>      <\/div>      <figcaption>        <div class=\"grve-gallery-content\">        <\/div>      <\/figcaption>    <\/figure><\/div>  <\/a><\/div><div class=\"grve-isotope-item grve-gallery-item \">  <a href=\"https:\/\/erikfranssendesign.com\/wp-content\/uploads\/2024\/04\/About_Erik_Franssen_De-Nieuwe-Ooster_02.jpg\"><div class=\"grve-isotope-item-inner grve-zoomIn\">    <figure class=\"grve-hover-style-1 grve-image-hover grve-zoom-none\">      <div class=\"grve-media\">        <div class=\"grve-hover-overlay grve-bg-light grve-opacity-10\"><\/div><img loading=\"lazy\" decoding=\"async\" width=\"1024\" height=\"724\" src=\"https:\/\/erikfranssendesign.com\/wp-content\/uploads\/2024\/04\/About_Erik_Franssen_De-Nieuwe-Ooster_02-1024x724.jpg\" class=\"attachment-large size-large\" alt=\"De Nieuwe Ooster arboretum begraafplaats Amsterdam door Erik Franssen landschap en tuin ontwerper\" srcset=\"https:\/\/erikfranssendesign.com\/wp-content\/uploads\/2024\/04\/About_Erik_Franssen_De-Nieuwe-Ooster_02-1024x724.jpg 1024w, https:\/\/erikfranssendesign.com\/wp-content\/uploads\/2024\/04\/About_Erik_Franssen_De-Nieuwe-Ooster_02-300x212.jpg 300w, https:\/\/erikfranssendesign.com\/wp-content\/uploads\/2024\/04\/About_Erik_Franssen_De-Nieuwe-Ooster_02-768x543.jpg 768w, https:\/\/erikfranssendesign.com\/wp-content\/uploads\/2024\/04\/About_Erik_Franssen_De-Nieuwe-Ooster_02-1536x1086.jpg 1536w, https:\/\/erikfranssendesign.com\/wp-content\/uploads\/2024\/04\/About_Erik_Franssen_De-Nieuwe-Ooster_02-600x424.jpg 600w, https:\/\/erikfranssendesign.com\/wp-content\/uploads\/2024\/04\/About_Erik_Franssen_De-Nieuwe-Ooster_02.jpg 1920w\" sizes=\"auto, (max-width: 1024px) 100vw, 1024px\" \/>      <\/div>      <figcaption>        <div class=\"grve-gallery-content\">        <\/div>      <\/figcaption>    <\/figure><\/div>  <\/a><\/div><div class=\"grve-isotope-item grve-gallery-item \">  <a href=\"https:\/\/erikfranssendesign.com\/wp-content\/uploads\/2024\/04\/About_Erik_Franssen_A5_01.jpg\"><div class=\"grve-isotope-item-inner grve-zoomIn\">    <figure class=\"grve-hover-style-1 grve-image-hover grve-zoom-none\">      <div class=\"grve-media\">        <div class=\"grve-hover-overlay grve-bg-light grve-opacity-10\"><\/div><img loading=\"lazy\" decoding=\"async\" width=\"1024\" height=\"724\" src=\"https:\/\/erikfranssendesign.com\/wp-content\/uploads\/2024\/04\/About_Erik_Franssen_A5_01-1024x724.jpg\" class=\"attachment-large size-large\" alt=\"Informatie Erik Franssen Landschap en tuinontwerper Amsterdam fascinatie A5 snelweg\" srcset=\"https:\/\/erikfranssendesign.com\/wp-content\/uploads\/2024\/04\/About_Erik_Franssen_A5_01-1024x724.jpg 1024w, https:\/\/erikfranssendesign.com\/wp-content\/uploads\/2024\/04\/About_Erik_Franssen_A5_01-300x212.jpg 300w, https:\/\/erikfranssendesign.com\/wp-content\/uploads\/2024\/04\/About_Erik_Franssen_A5_01-768x543.jpg 768w, https:\/\/erikfranssendesign.com\/wp-content\/uploads\/2024\/04\/About_Erik_Franssen_A5_01-1536x1086.jpg 1536w, https:\/\/erikfranssendesign.com\/wp-content\/uploads\/2024\/04\/About_Erik_Franssen_A5_01-600x424.jpg 600w, https:\/\/erikfranssendesign.com\/wp-content\/uploads\/2024\/04\/About_Erik_Franssen_A5_01.jpg 1920w\" sizes=\"auto, (max-width: 1024px) 100vw, 1024px\" \/>      <\/div>      <figcaption>        <div class=\"grve-gallery-content\">        <\/div>      <\/figcaption>    <\/figure><\/div>  <\/a><\/div><div class=\"grve-isotope-item grve-gallery-item \">  <a href=\"https:\/\/erikfranssendesign.com\/wp-content\/uploads\/2024\/04\/About_Erik_Franssen_A5_02.jpg\"><div class=\"grve-isotope-item-inner grve-zoomIn\">    <figure class=\"grve-hover-style-1 grve-image-hover grve-zoom-none\">      <div class=\"grve-media\">        <div class=\"grve-hover-overlay grve-bg-light grve-opacity-10\"><\/div><img loading=\"lazy\" decoding=\"async\" width=\"1024\" height=\"724\" src=\"https:\/\/erikfranssendesign.com\/wp-content\/uploads\/2024\/04\/About_Erik_Franssen_A5_02-1024x724.jpg\" class=\"attachment-large size-large\" alt=\"Favourite places in Amsterdam by Erik Franssen Landscape, garden and urban designer\" srcset=\"https:\/\/erikfranssendesign.com\/wp-content\/uploads\/2024\/04\/About_Erik_Franssen_A5_02-1024x724.jpg 1024w, https:\/\/erikfranssendesign.com\/wp-content\/uploads\/2024\/04\/About_Erik_Franssen_A5_02-300x212.jpg 300w, https:\/\/erikfranssendesign.com\/wp-content\/uploads\/2024\/04\/About_Erik_Franssen_A5_02-768x543.jpg 768w, https:\/\/erikfranssendesign.com\/wp-content\/uploads\/2024\/04\/About_Erik_Franssen_A5_02-1536x1086.jpg 1536w, https:\/\/erikfranssendesign.com\/wp-content\/uploads\/2024\/04\/About_Erik_Franssen_A5_02-600x424.jpg 600w, https:\/\/erikfranssendesign.com\/wp-content\/uploads\/2024\/04\/About_Erik_Franssen_A5_02.jpg 1920w\" sizes=\"auto, (max-width: 1024px) 100vw, 1024px\" \/>      <\/div>      <figcaption>        <div class=\"grve-gallery-content\">        <\/div>      <\/figcaption>    <\/figure><\/div>  <\/a><\/div><div class=\"grve-isotope-item grve-gallery-item \">  <a href=\"https:\/\/erikfranssendesign.com\/wp-content\/uploads\/2024\/04\/About_Erik_Franssen_Grachtengordel.jpg\"><div class=\"grve-isotope-item-inner grve-zoomIn\">    <figure class=\"grve-hover-style-1 grve-image-hover grve-zoom-none\">      <div class=\"grve-media\">        <div class=\"grve-hover-overlay grve-bg-light grve-opacity-10\"><\/div><img loading=\"lazy\" decoding=\"async\" width=\"1024\" height=\"724\" src=\"https:\/\/erikfranssendesign.com\/wp-content\/uploads\/2024\/04\/About_Erik_Franssen_Grachtengordel-1024x724.jpg\" class=\"attachment-large size-large\" alt=\"Info Erik Franssen landschap en tuinontwerper grachtengordel Amsterdam Unesco world heritage\" srcset=\"https:\/\/erikfranssendesign.com\/wp-content\/uploads\/2024\/04\/About_Erik_Franssen_Grachtengordel-1024x724.jpg 1024w, https:\/\/erikfranssendesign.com\/wp-content\/uploads\/2024\/04\/About_Erik_Franssen_Grachtengordel-300x212.jpg 300w, https:\/\/erikfranssendesign.com\/wp-content\/uploads\/2024\/04\/About_Erik_Franssen_Grachtengordel-768x543.jpg 768w, https:\/\/erikfranssendesign.com\/wp-content\/uploads\/2024\/04\/About_Erik_Franssen_Grachtengordel-1536x1086.jpg 1536w, https:\/\/erikfranssendesign.com\/wp-content\/uploads\/2024\/04\/About_Erik_Franssen_Grachtengordel-600x424.jpg 600w, https:\/\/erikfranssendesign.com\/wp-content\/uploads\/2024\/04\/About_Erik_Franssen_Grachtengordel.jpg 1920w\" sizes=\"auto, (max-width: 1024px) 100vw, 1024px\" \/>      <\/div>      <figcaption>        <div class=\"grve-gallery-content\">        <\/div>      <\/figcaption>    <\/figure><\/div>  <\/a><\/div>  <\/div><\/div>[\/vc_column][\/vc_row]<\/p>\n<\/section>","protected":false},"excerpt":{"rendered":"<p>[vc_row][vc_column][vc_raw_html]JTNDaDQlMjBzdHlsZSUzRCUyMmNvbG9yJTNBJTIwJTIzMjQzOGJiJTIyJTNFQWJvdXQlM0MlMkZoNCUzRQ==[\/vc_raw_html][vc_column_text]Opgeleid als kunstenaar\/fotograaf aan de Koninklijke Academie voor Beeldende Kunsten (KABK) in Den Haag, heb ik vele jaren als fotograaf gewerkt voor zowel redactionele als commerci\u00eble klanten. Na verloop van tijd en vooral na mijn 2,5 jaar lange verblijf in Berlijn, waar ik werkte aan een project over de schijnbare onzichtbaarheid van de Berlijnse Muur, [&hellip;]<\/p>\n","protected":false},"author":1,"featured_media":0,"parent":0,"menu_order":0,"comment_status":"closed","ping_status":"closed","template":"","meta":{"footnotes":""},"class_list":["post-647","page","type-page","status-publish","hentry"],"_links":{"self":[{"href":"https:\/\/erikfranssendesign.com\/index.php\/wp-json\/wp\/v2\/pages\/647","targetHints":{"allow":["GET"]}}],"collection":[{"href":"https:\/\/erikfranssendesign.com\/index.php\/wp-json\/wp\/v2\/pages"}],"about":[{"href":"https:\/\/erikfranssendesign.com\/index.php\/wp-json\/wp\/v2\/types\/page"}],"author":[{"embeddable":true,"href":"https:\/\/erikfranssendesign.com\/index.php\/wp-json\/wp\/v2\/users\/1"}],"replies":[{"embeddable":true,"href":"https:\/\/erikfranssendesign.com\/index.php\/wp-json\/wp\/v2\/comments?post=647"}],"version-history":[{"count":27,"href":"https:\/\/erikfranssendesign.com\/index.php\/wp-json\/wp\/v2\/pages\/647\/revisions"}],"predecessor-version":[{"id":1146,"href":"https:\/\/erikfranssendesign.com\/index.php\/wp-json\/wp\/v2\/pages\/647\/revisions\/1146"}],"wp:attachment":[{"href":"https:\/\/erikfranssendesign.com\/index.php\/wp-json\/wp\/v2\/media?parent=647"}],"curies":[{"name":"wp","href":"https:\/\/api.w.org\/{rel}","templated":true}]}}